{"id":52,"date":"2021-09-01T17:51:17","date_gmt":"2021-09-01T20:51:17","guid":{"rendered":"http:\/\/floresdoaterrodoflamengo.com.br\/?page_id=52"},"modified":"2021-11-02T18:27:53","modified_gmt":"2021-11-02T21:27:53","slug":"para-falar-de-flores","status":"publish","type":"page","link":"https:\/\/floresdoaterro.com\/?page_id=52","title":{"rendered":"para Falar de Flores"},"content":{"rendered":"\n<h3 class=\"wp-block-heading\">Flores do Flamengo<\/h3>\n\n\n\n<p>A can\u00e7\u00e3o de Vandr\u00e9 conhecida por Caminhando tem como t\u00edtulo &#8220;<a href=\"https:\/\/www.youtube.com\/watch?v=KdvsXn8oVPY\">Pra n\u00e3o dizer que n\u00e3o falei de Flores<\/a>&#8220;. Nesses tempos bicudos, \u00e9 um reconforto poder falar s\u00f3 (quase de flores que \u00e9 um assunto que, pelo menos para os leigos como eu, n\u00e3o  est\u00e1 sujeito a maiores controv\u00e9rsias.  <br>O objetivo dessa &#8220;saite&#8221; \u00e9 mostrar as flores do Aterro do Flamengo e do Cerrado, flores no sentido literal, e tamb\u00e9m no figurado, flores que fazem parte de outras coisas interessantes que podemos encontrar e desfrutar.  <br>Este espa\u00e7o est\u00e1 aberto para colaboradores. Convido que nos ajudem a resolver nossas d\u00favidas, corrigir nossos enganos de amadores e para enviar contribui\u00e7\u00f5es  que se enquadrem em nosso tema.   <\/p>\n\n\n\n<p>Quando comprei um apartamento no Flamengo, ainda um pouco pesaroso de perder os jardins do Condom\u00ednio Pedra de Ita\u00fana na Barra onde morava, escutei de minha amiga Frida Eidelman, antiga moradora do bairro, que eu estava <strong>comprando um apartamento e ganhando de b\u00f4nus o Aterro <\/strong>. Achei que era bairrismo. <\/p>\n\n\n\n<p>Praticamente n\u00e3o pude aproveitar t\u00ea-la como vizinha, j\u00e1 que faleceu poucos meses depois. Hoje compreendo o que ela queria dizer. Ao escrever aqui sobre o Aterro do Flamengo, descubro que ele  \u00e9 o \u00fanico grande espa\u00e7o, desse conturbado Rio de Janeiro,&nbsp; sobre o qual&nbsp; s\u00f3 consigo falar bem (que Deus e os cariocas o preservem).<\/p>\n\n\n\n<p>O Aterro, como \u00e9 chamado nas vizinhan\u00e7as, inscreve-se na paisagem monumental da margem esquerda da entrada da Ba\u00eda da Guanabara. Como a palavra &#8220;aterro&#8221; faz lembrar, \u00e9 uma contribui\u00e7\u00e3o humana \u00e0 paisagem que n\u00e3o desmerece o conjunto dessa cidade que, apesar de tudo, continua Ma-ra-vi-lho-sa. <\/p>\n\n\n\n<h3 class=\"wp-block-heading\">Flores do cerrado <\/h3>\n\n\n\n<p>Com a divis\u00e3o de meu tempo entre Rio e Bras\u00edlia, resolvi incluir aqui tamb\u00e9m as Flores do Cerrado uma paisagem aparentemente in\u00f3spita mas cheia de incr\u00edvel vida, mesmo em seus per\u00edodos mais secos. <\/p>\n\n\n\n<figure class=\"wp-block-embed is-type-video is-provider-youtube wp-block-embed-youtube wp-embed-aspect-16-9 wp-has-aspect-ratio\"><div class=\"wp-block-embed__wrapper\">\n<iframe title=\"Flores no Brasil\" width=\"720\" height=\"405\" src=\"https:\/\/www.youtube.com\/embed\/hdl-dOXKO1A?feature=oembed\" frameborder=\"0\" allow=\"accelerometer; autoplay; clipboard-write; encrypted-media; gyroscope; picture-in-picture\" allowfullscreen><\/iframe>\n<\/div><\/figure>\n\n\n\n<p class=\"has-text-align-right\"><em>Carlos Feu    <\/em>                   <\/p>\n","protected":false},"excerpt":{"rendered":"<p>Flores do Flamengo A can\u00e7\u00e3o de Vandr\u00e9 conhecida por Caminhando tem como t\u00edtulo &#8220;Pra n\u00e3o dizer que n\u00e3o falei de Flores&#8220;. Nesses tempos bicudos, \u00e9 um reconforto poder falar s\u00f3 (quase de flores que \u00e9 um assunto que, pelo menos<\/p>\n","protected":false},"author":1,"featured_media":0,"parent":36,"menu_order":1,"comment_status":"closed","ping_status":"closed","template":"","meta":{"footnotes":""},"class_list":["post-52","page","type-page","status-publish","hentry"],"_links":{"self":[{"href":"https:\/\/floresdoaterro.com\/index.php?rest_route=\/wp\/v2\/pages\/52","targetHints":{"allow":["GET"]}}],"collection":[{"href":"https:\/\/floresdoaterro.com\/index.php?rest_route=\/wp\/v2\/pages"}],"about":[{"href":"https:\/\/floresdoaterro.com\/index.php?rest_route=\/wp\/v2\/types\/page"}],"author":[{"embeddable":true,"href":"https:\/\/floresdoaterro.com\/index.php?rest_route=\/wp\/v2\/users\/1"}],"replies":[{"embeddable":true,"href":"https:\/\/floresdoaterro.com\/index.php?rest_route=%2Fwp%2Fv2%2Fcomments&post=52"}],"version-history":[{"count":4,"href":"https:\/\/floresdoaterro.com\/index.php?rest_route=\/wp\/v2\/pages\/52\/revisions"}],"predecessor-version":[{"id":697,"href":"https:\/\/floresdoaterro.com\/index.php?rest_route=\/wp\/v2\/pages\/52\/revisions\/697"}],"up":[{"embeddable":true,"href":"https:\/\/floresdoaterro.com\/index.php?rest_route=\/wp\/v2\/pages\/36"}],"wp:attachment":[{"href":"https:\/\/floresdoaterro.com\/index.php?rest_route=%2Fwp%2Fv2%2Fmedia&parent=52"}],"curies":[{"name":"wp","href":"https:\/\/api.w.org\/{rel}","templated":true}]}}