{"id":36,"date":"2021-08-31T20:24:05","date_gmt":"2021-08-31T23:24:05","guid":{"rendered":"http:\/\/floresdoaterrodoflamengo.com.br\/?page_id=36"},"modified":"2022-04-14T17:22:26","modified_gmt":"2022-04-14T20:22:26","slug":"home","status":"publish","type":"page","link":"https:\/\/floresdoaterro.com\/?page_id=36","title":{"rendered":"Falando de Flores"},"content":{"rendered":"\t\t<div data-elementor-type=\"wp-page\" data-elementor-id=\"36\" class=\"elementor elementor-36\">\n\t\t\t\t\t\t<section class=\"elementor-section elementor-top-section elementor-element elementor-element-3ce95bed elementor-section-boxed elementor-section-height-default elementor-section-height-default\" data-id=\"3ce95bed\" data-element_type=\"section\" data-e-type=\"section\">\n\t\t\t\t\t\t<div class=\"elementor-container elementor-column-gap-default\">\n\t\t\t\t\t<div class=\"elementor-column elementor-col-100 elementor-top-column elementor-element elementor-element-5d885ccc\" data-id=\"5d885ccc\" data-element_type=\"column\" data-e-type=\"column\">\n\t\t\t<div class=\"elementor-widget-wrap elementor-element-populated\">\n\t\t\t\t\t\t<div class=\"elementor-element elementor-element-7f60587f elementor-widget elementor-widget-text-editor\" data-id=\"7f60587f\" data-element_type=\"widget\" data-e-type=\"widget\" data-widget_type=\"text-editor.default\">\n\t\t\t\t<div class=\"elementor-widget-container\">\n\t\t\t\t\t\t\t\t\t\n<p><strong><span style=\"color: #0000ff;\">Primeiro Editorial:<\/span>\u00a0<\/strong><\/p>\n<h3>Falar de Flores<\/h3>\n<p style=\"text-align: right;\"><em>Carlos Feu\u00a0 \u00a0 \u00a0 \u00a0<\/em><\/p>\n<p>Em 1968, a can\u00e7\u00e3o de Vandr\u00e9 denominada &#8220;<a href=\"https:\/\/www.youtube.com\/watch?v=KdvsXn8oVPY\">Pra n\u00e3o dizer que n\u00e3o falei de Flores<\/a>&#8221; foi enorme sucesso junto ao p\u00fablico no Festival Internacional da Can\u00e7\u00e3o. Era uma can\u00e7\u00e3o provocativa que criticava o regime militar, ent\u00e3o vigente, e tamb\u00e9m os oposicionistas que acreditavam em &#8220;flores vencendo o canh\u00e3o&#8221; e dizia a eles que &#8220;esperar n\u00e3o \u00e9 saber&#8221;.<\/p>\n\n<p>Nesses tempos bicudos de 2021, \u00e9 um reconforto poder falar de um assunto, pelo menos para os leigos como eu, n\u00e3o est\u00e1 sujeito a maiores controv\u00e9rsias. Acredito, no entanto, na necessidade de agir no sentido de mudar o que est\u00e1 profundamente errado em nosso Pa\u00eds; apenas acho que n\u00e3o podemos parar de viver e amar se quisermos conservar nossa serenidade e ju\u00edzo. Voltando ao festival, n\u00e3o era minha opini\u00e3o na \u00e9poca, mas n\u00e3o devemos nos negar a escutar &#8220;o cantar de uma sabi\u00e1&#8221;, que ganhou o festival.<\/p>\n\n<p>O objetivo dessa &#8220;saite&#8221; \u00e9 mostrar as flores do Aterro do Flamengo e do Cerrado, seja no sentido no sentido literal, seja no figurado, incluindo outras coisas interessantes que no Bairro do Flamengo e em Bras\u00edlia podemos encontrar e desfrutar.<\/p>\n\n<h3 class=\"wp-block-heading\"><a href=\"http:\/\/floresdoaterrodoflamengo.com.br\/?page_id=2\">Flores do Aterro do Flamengo<\/a><\/h3>\n\n<p>Quando comprei um apartamento no Flamengo, ainda um pouco pesaroso de perder os jardins do Condom\u00ednio Pedra de Ita\u00fana na Barra, onde morava, escutei de minha amiga Frida Eidelman, antiga moradora desse bairro, que eu estava <strong>comprando um apartamento e ganhando de b\u00f4nus o Aterro<\/strong>. Achei que era bairrismo.<\/p>\n\n<p>Praticamente n\u00e3o pude aproveitar t\u00ea-la como vizinha, j\u00e1 que faleceu poucos meses depois. Hoje compreendo o que ela queria dizer. Ao escrever aqui sobre o Aterro do Flamengo, descubro que ele \u00e9 o \u00fanico grande espa\u00e7o, desse conturbado Rio de Janeiro,\u00a0 sobre o qual\u00a0 s\u00f3 consigo falar bem; que Deus e os cariocas o preservem.<\/p>\n\n<p>O Aterro, como \u00e9 chamado nas vizinhan\u00e7as, inscreve-se na paisagem monumental da margem esquerda da entrada da Ba\u00eda da Guanabara. Como a palavra &#8220;aterro&#8221; faz lembrar, \u00e9 uma contribui\u00e7\u00e3o humana \u00e0 paisagem que n\u00e3o desmerece o conjunto dessa cidade que, apesar de tudo, continua Ma-ra-vi-lho-sa.<\/p>\n\n<h3 class=\"wp-block-heading\"><a href=\"http:\/\/floresdoaterrodoflamengo.com.br\/?page_id=231\">Flores do Cerrado<\/a><\/h3>\n\n<p>Com a divis\u00e3o de meu tempo entre Rio e Bras\u00edlia, resolvi incluir aqui tamb\u00e9m as Flores do Cerrado, uma paisagem aparentemente in\u00f3spita, mas cheia de incr\u00edvel vida, mesmo em seus per\u00edodos mais secos.<\/p>\n\t\t\t\t\t\t\t\t<\/div>\n\t\t\t\t<\/div>\n\t\t\t\t\t<\/div>\n\t\t<\/div>\n\t\t\t\t\t<\/div>\n\t\t<\/section>\n\t\t\t\t<section class=\"elementor-section elementor-top-section elementor-element elementor-element-0cb400f elementor-section-boxed elementor-section-height-default elementor-section-height-default\" data-id=\"0cb400f\" data-element_type=\"section\" data-e-type=\"section\">\n\t\t\t\t\t\t<div class=\"elementor-container elementor-column-gap-default\">\n\t\t\t\t\t<div class=\"elementor-column elementor-col-100 elementor-top-column elementor-element elementor-element-0656b6b\" data-id=\"0656b6b\" data-element_type=\"column\" data-e-type=\"column\">\n\t\t\t<div class=\"elementor-widget-wrap elementor-element-populated\">\n\t\t\t\t\t\t<div class=\"elementor-element elementor-element-b923022 elementor-widget elementor-widget-text-editor\" data-id=\"b923022\" data-element_type=\"widget\" data-e-type=\"widget\" data-widget_type=\"text-editor.default\">\n\t\t\t\t<div class=\"elementor-widget-container\">\n\t\t\t\t\t\t\t\t\t<p>P.S.: Antes que me esque\u00e7a, venham nos visitar, os portais est\u00e3o abertos!\u00a0<br \/>Pela quantidade de latitudes que contamos no nosso Brasil, temos, em verdade, muitos calend\u00e1rios florais como j\u00e1 sabem os apicultores. Estamos abertos a colabora\u00e7\u00f5es para montarmos esses muitos calend\u00e1rios, isso pode ser feito gra\u00e7as aos recursos da internet.<\/p>\t\t\t\t\t\t\t\t<\/div>\n\t\t\t\t<\/div>\n\t\t\t\t\t<\/div>\n\t\t<\/div>\n\t\t\t\t\t<\/div>\n\t\t<\/section>\n\t\t\t\t<section class=\"elementor-section elementor-top-section elementor-element elementor-element-1fc5491 elementor-section-boxed elementor-section-height-default elementor-section-height-default\" data-id=\"1fc5491\" data-element_type=\"section\" data-e-type=\"section\">\n\t\t\t\t\t\t<div class=\"elementor-container elementor-column-gap-default\">\n\t\t\t\t\t<div class=\"elementor-column elementor-col-100 elementor-top-column elementor-element elementor-element-aa12a5b\" data-id=\"aa12a5b\" data-element_type=\"column\" data-e-type=\"column\">\n\t\t\t<div class=\"elementor-widget-wrap elementor-element-populated\">\n\t\t\t\t\t\t\t<\/div>\n\t\t<\/div>\n\t\t\t\t\t<\/div>\n\t\t<\/section>\n\t\t\t\t<section class=\"elementor-section elementor-top-section elementor-element elementor-element-0c03919 elementor-section-boxed elementor-section-height-default elementor-section-height-default\" data-id=\"0c03919\" data-element_type=\"section\" data-e-type=\"section\">\n\t\t\t\t\t\t<div class=\"elementor-container elementor-column-gap-default\">\n\t\t\t\t\t<div class=\"elementor-column elementor-col-33 elementor-top-column elementor-element elementor-element-a874c59\" data-id=\"a874c59\" data-element_type=\"column\" data-e-type=\"column\">\n\t\t\t<div class=\"elementor-widget-wrap elementor-element-populated\">\n\t\t\t\t\t\t<div class=\"elementor-element elementor-element-2545626 elementor-align-center elementor-widget elementor-widget-button\" data-id=\"2545626\" data-element_type=\"widget\" data-e-type=\"widget\" data-widget_type=\"button.default\">\n\t\t\t\t<div class=\"elementor-widget-container\">\n\t\t\t\t\t\t\t\t\t<div class=\"elementor-button-wrapper\">\n\t\t\t\t\t<a class=\"elementor-button elementor-button-link elementor-size-sm\" href=\"http:\/\/floresdoaterrodoflamengo.com.br\/?page_id=2\">\n\t\t\t\t\t\t<span class=\"elementor-button-content-wrapper\">\n\t\t\t\t\t\t\t\t\t<span class=\"elementor-button-text\">Flores do Aterro<\/span>\n\t\t\t\t\t<\/span>\n\t\t\t\t\t<\/a>\n\t\t\t\t<\/div>\n\t\t\t\t\t\t\t\t<\/div>\n\t\t\t\t<\/div>\n\t\t\t\t\t<\/div>\n\t\t<\/div>\n\t\t\t\t<div class=\"elementor-column elementor-col-33 elementor-top-column elementor-element elementor-element-c64568c\" data-id=\"c64568c\" data-element_type=\"column\" data-e-type=\"column\">\n\t\t\t<div class=\"elementor-widget-wrap elementor-element-populated\">\n\t\t\t\t\t\t<div class=\"elementor-element elementor-element-4ab05ab elementor-align-center elementor-widget elementor-widget-button\" data-id=\"4ab05ab\" data-element_type=\"widget\" data-e-type=\"widget\" data-widget_type=\"button.default\">\n\t\t\t\t<div class=\"elementor-widget-container\">\n\t\t\t\t\t\t\t\t\t<div class=\"elementor-button-wrapper\">\n\t\t\t\t\t<a class=\"elementor-button elementor-button-link elementor-size-sm\" href=\"http:\/\/floresdoaterrodoflamengo.com.br\/?page_id=231\">\n\t\t\t\t\t\t<span class=\"elementor-button-content-wrapper\">\n\t\t\t\t\t\t\t\t\t<span class=\"elementor-button-text\">Flores do Cerrado<\/span>\n\t\t\t\t\t<\/span>\n\t\t\t\t\t<\/a>\n\t\t\t\t<\/div>\n\t\t\t\t\t\t\t\t<\/div>\n\t\t\t\t<\/div>\n\t\t\t\t\t<\/div>\n\t\t<\/div>\n\t\t\t\t<div class=\"elementor-column elementor-col-33 elementor-top-column elementor-element elementor-element-d410e77\" data-id=\"d410e77\" data-element_type=\"column\" data-e-type=\"column\">\n\t\t\t<div class=\"elementor-widget-wrap elementor-element-populated\">\n\t\t\t\t\t\t<div class=\"elementor-element elementor-element-56d32ea elementor-align-center elementor-widget elementor-widget-button\" data-id=\"56d32ea\" data-element_type=\"widget\" data-e-type=\"widget\" data-widget_type=\"button.default\">\n\t\t\t\t<div class=\"elementor-widget-container\">\n\t\t\t\t\t\t\t\t\t<div class=\"elementor-button-wrapper\">\n\t\t\t\t\t<a class=\"elementor-button elementor-button-link elementor-size-sm\" href=\"http:\/\/floresdoaterrodoflamengo.com.br\/?page_id=624\">\n\t\t\t\t\t\t<span class=\"elementor-button-content-wrapper\">\n\t\t\t\t\t\t\t\t\t<span class=\"elementor-button-text\">Calend\u00e1rio Floral<\/span>\n\t\t\t\t\t<\/span>\n\t\t\t\t\t<\/a>\n\t\t\t\t<\/div>\n\t\t\t\t\t\t\t\t<\/div>\n\t\t\t\t<\/div>\n\t\t\t\t\t<\/div>\n\t\t<\/div>\n\t\t\t\t\t<\/div>\n\t\t<\/section>\n\t\t\t\t<section class=\"elementor-section elementor-top-section elementor-element elementor-element-4e33597 elementor-section-boxed elementor-section-height-default elementor-section-height-default\" data-id=\"4e33597\" data-element_type=\"section\" data-e-type=\"section\">\n\t\t\t\t\t\t<div class=\"elementor-container elementor-column-gap-default\">\n\t\t\t\t\t<div class=\"elementor-column elementor-col-100 elementor-top-column elementor-element elementor-element-ad80dac\" data-id=\"ad80dac\" data-element_type=\"column\" data-e-type=\"column\">\n\t\t\t<div class=\"elementor-widget-wrap elementor-element-populated\">\n\t\t\t\t\t\t<div class=\"elementor-element elementor-element-f830b43 elementor-widget elementor-widget-video\" data-id=\"f830b43\" data-element_type=\"widget\" data-e-type=\"widget\" data-settings=\"{&quot;youtube_url&quot;:&quot;https:\\\/\\\/youtu.be\\\/POudkWJ3zGM&quot;,&quot;video_type&quot;:&quot;youtube&quot;,&quot;controls&quot;:&quot;yes&quot;}\" data-widget_type=\"video.default\">\n\t\t\t\t<div class=\"elementor-widget-container\">\n\t\t\t\t\t\t\t<div class=\"elementor-wrapper elementor-open-inline\">\n\t\t\t<div class=\"elementor-video\"><\/div>\t\t<\/div>\n\t\t\t\t\t\t<\/div>\n\t\t\t\t<\/div>\n\t\t\t\t\t<\/div>\n\t\t<\/div>\n\t\t\t\t\t<\/div>\n\t\t<\/section>\n\t\t\t\t<section class=\"elementor-section elementor-top-section elementor-element elementor-element-f618ba7 elementor-section-boxed elementor-section-height-default elementor-section-height-default\" data-id=\"f618ba7\" data-element_type=\"section\" data-e-type=\"section\">\n\t\t\t\t\t\t<div class=\"elementor-container elementor-column-gap-default\">\n\t\t\t\t\t<div class=\"elementor-column elementor-col-100 elementor-top-column elementor-element elementor-element-968e41b\" data-id=\"968e41b\" data-element_type=\"column\" data-e-type=\"column\">\n\t\t\t<div class=\"elementor-widget-wrap elementor-element-populated\">\n\t\t\t\t\t\t<div class=\"elementor-element elementor-element-3a54af4 elementor-widget elementor-widget-text-editor\" data-id=\"3a54af4\" data-element_type=\"widget\" data-e-type=\"widget\" data-widget_type=\"text-editor.default\">\n\t\t\t\t<div class=\"elementor-widget-container\">\n\t\t\t\t\t\t\t\t\t<h3><strong>Fim de Ano,\u00a0<br \/><\/strong><strong>Feliz 2022, ano do bicenten\u00e1rio do Brasil<\/strong><\/h3>\n<p><em>Caras e Caros,<\/em><\/p>\n<p>Em novembro, eu e minha esposa dividimos nosso tempo entre Rio e Bras\u00edlia e tive a oportunidade de colher fotos no Aterro do Flamengo e no cerrado e ruas de Bras\u00edlia. S\u00e3o duas realidades distintas que nos apresenta a Natureza. Estes passeios coincidiram um pouco com a sensa\u00e7\u00e3o, ainda reprimida, da recupera\u00e7\u00e3o da liberdade de ir e vir depois das restri\u00e7\u00f5es da pandemia.<\/p>\n<p>Nosso projeto de Calend\u00e1rio Floral avan\u00e7ou atingindo os 4\/12 na parte do Cerrado. A ideia desse Calend\u00e1rio \u00e9 romper com o estere\u00f3tipo das esta\u00e7\u00f5es do ano cuja representa\u00e7\u00e3o (neve no inverno, flores s\u00f3 na primavera, praias s\u00f3 no ver\u00e3o e folhas caindo s\u00f3 no outono) nada t\u00eam a ver com a realidade brasileira. <br \/>O ano de 1922 marcou o in\u00edcio de um movimento que revolucionou as artes brasileiras que foi o Antropofagismo. A ideia desse movimento era comer a realidade europeia, como os \u00edndios fizeram com o Bispo Sardinha e, a partir de adapta\u00e7\u00e3o \u00e0 nossa realidade, produzir pensamentos e arte que seriam nossos e, por consequ\u00eancia, de valor universal.<\/p>\n<p>Dentro destas ideias, montamos o &#8220;saite&#8221; <a href=\"http:\/\/calendariofloral.com\">calendariofloral.com<\/a> e<br \/>o portal no YouTube <a href=\"https:\/\/www.youtube.com\/channel\/UC24PejGhG2e8_JK9q33S85Q\">&#8220;Calend\u00e1rio Floral&#8221;<\/a>.<\/p>\n<p>Encarei isto como uma divers\u00e3o que me ajudou a cumprir um programa de caminhadas que me propus e que estou apresentando aos amigos.<\/p>\n<p>Desejo, para o ano 2022, que nosso Pa\u00eds reencontre um caminho que nos una, para alcan\u00e7armos um futuro melhor. A natureza do Brasil faz parte do legado que recebemos tanto dos colonizados como dos colonizadores e dos brasileiros que nos antecederam nesses \u00faltimos duzentos anos. Em torno da brasilidade temos percorrido o caminho de constituir uma P\u00e1tria que inclua todos.\u00a0 Este caminho, a meu ver, come\u00e7a por conhecermos e preservarmos nossas heran\u00e7as multirraciais.<\/p>\n<p><strong>Um Feliz e Proveitoso ano do bicenten\u00e1rio, com muita Sa\u00fade<\/strong>!\u00a0<\/p>\n<p style=\"text-align: right;\"><em>Carlos Feu<\/em><\/p>\t\t\t\t\t\t\t\t<\/div>\n\t\t\t\t<\/div>\n\t\t\t\t\t<\/div>\n\t\t<\/div>\n\t\t\t\t\t<\/div>\n\t\t<\/section>\n\t\t\t\t<section class=\"elementor-section elementor-top-section elementor-element elementor-element-152b27f elementor-section-boxed elementor-section-height-default elementor-section-height-default\" data-id=\"152b27f\" data-element_type=\"section\" data-e-type=\"section\">\n\t\t\t\t\t\t<div class=\"elementor-container elementor-column-gap-default\">\n\t\t\t\t\t<div class=\"elementor-column elementor-col-100 elementor-top-column elementor-element elementor-element-4903ad9\" data-id=\"4903ad9\" data-element_type=\"column\" data-e-type=\"column\">\n\t\t\t<div class=\"elementor-widget-wrap elementor-element-populated\">\n\t\t\t\t\t\t<div class=\"elementor-element elementor-element-9e482ba elementor-widget elementor-widget-text-editor\" data-id=\"9e482ba\" data-element_type=\"widget\" data-e-type=\"widget\" data-widget_type=\"text-editor.default\">\n\t\t\t\t<div class=\"elementor-widget-container\">\n\t\t\t\t\t\t\t\t\t<h3><span style=\"font-family: 'Roboto Slab', sans-serif; font-size: 26px; font-weight: normal;\">Feliz Natal 2021<\/span><\/h3>\n<p>Desejamos a todos, muito especialmente aos nossos amigos, um Feliz Natal e que o ano de 2022 nos traga boas surpresas e muita raz\u00e3o para nossas esperan\u00e7as maiores. Que o bicenten\u00e1rio da Rep\u00fablica nos fa\u00e7a olhar para frente e nos d\u00ea \u00e2nimo para continuarmos trabalhando por um futuro melhor para nosso querido e sofrido Pa\u00eds.<\/p>\t\t\t\t\t\t\t\t<\/div>\n\t\t\t\t<\/div>\n\t\t\t\t\t<\/div>\n\t\t<\/div>\n\t\t\t\t\t<\/div>\n\t\t<\/section>\n\t\t\t\t<section class=\"elementor-section elementor-top-section elementor-element elementor-element-05e9139 elementor-section-boxed elementor-section-height-default elementor-section-height-default\" data-id=\"05e9139\" data-element_type=\"section\" data-e-type=\"section\">\n\t\t\t\t\t\t<div class=\"elementor-container elementor-column-gap-default\">\n\t\t\t\t\t<div class=\"elementor-column elementor-col-100 elementor-top-column elementor-element elementor-element-53dbb36\" data-id=\"53dbb36\" data-element_type=\"column\" data-e-type=\"column\">\n\t\t\t<div class=\"elementor-widget-wrap elementor-element-populated\">\n\t\t\t\t\t\t<div class=\"elementor-element elementor-element-3cf5c2d elementor-widget elementor-widget-video\" data-id=\"3cf5c2d\" data-element_type=\"widget\" data-e-type=\"widget\" data-settings=\"{&quot;youtube_url&quot;:&quot;https:\\\/\\\/youtu.be\\\/E-QXJ4ddXrY&quot;,&quot;video_type&quot;:&quot;youtube&quot;,&quot;controls&quot;:&quot;yes&quot;}\" data-widget_type=\"video.default\">\n\t\t\t\t<div class=\"elementor-widget-container\">\n\t\t\t\t\t\t\t<div class=\"elementor-wrapper elementor-open-inline\">\n\t\t\t<div class=\"elementor-video\"><\/div>\t\t<\/div>\n\t\t\t\t\t\t<\/div>\n\t\t\t\t<\/div>\n\t\t\t\t\t<\/div>\n\t\t<\/div>\n\t\t\t\t\t<\/div>\n\t\t<\/section>\n\t\t\t\t<section class=\"elementor-section elementor-top-section elementor-element elementor-element-db3abc7 elementor-section-boxed elementor-section-height-default elementor-section-height-default\" data-id=\"db3abc7\" data-element_type=\"section\" data-e-type=\"section\">\n\t\t\t\t\t\t<div class=\"elementor-container elementor-column-gap-default\">\n\t\t\t\t\t<div class=\"elementor-column elementor-col-100 elementor-top-column elementor-element elementor-element-93f515f\" data-id=\"93f515f\" data-element_type=\"column\" data-e-type=\"column\">\n\t\t\t<div class=\"elementor-widget-wrap elementor-element-populated\">\n\t\t\t\t\t\t<div class=\"elementor-element elementor-element-6571625 elementor-widget elementor-widget-wp-widget-pages\" data-id=\"6571625\" data-element_type=\"widget\" data-e-type=\"widget\" data-widget_type=\"wp-widget-pages.default\">\n\t\t\t\t<div class=\"elementor-widget-container\">\n\t\t\t\t\t<aside class=\"widget \"><h3 class=\"widget-title\"><span>P\u00e1ginas<\/span><\/h3>\n\t\t\t<ul>\n\t\t\t\t<li class=\"page_item page-item-36 page_item_has_children\"><a href=\"https:\/\/floresdoaterro.com\/?page_id=36\">Falando de Flores<\/a>\n<ul class='children'>\n\t<li class=\"page_item page-item-52\"><a href=\"https:\/\/floresdoaterro.com\/?page_id=52\">para Falar de Flores<\/a><\/li>\n\t<li class=\"page_item page-item-266\"><a href=\"https:\/\/floresdoaterro.com\/?page_id=266\">Reflex\u00f5es<\/a><\/li>\n<\/ul>\n<\/li>\n<li class=\"page_item page-item-2 page_item_has_children\"><a href=\"https:\/\/floresdoaterro.com\/?page_id=2\">Flores do aterro do Flamengo<\/a>\n<ul class='children'>\n\t<li class=\"page_item page-item-22948\"><a href=\"https:\/\/floresdoaterro.com\/?page_id=22948\">Flores em novembro em Bras\u00edlia<\/a><\/li>\n\t<li class=\"page_item page-item-23053\"><a href=\"https:\/\/floresdoaterro.com\/?page_id=23053\">Flores no Aterro em novembro<\/a><\/li>\n\t<li class=\"page_item page-item-62\"><a href=\"https:\/\/floresdoaterro.com\/?page_id=62\">Hibisco<\/a><\/li>\n<\/ul>\n<\/li>\n<li class=\"page_item page-item-4199 page_item_has_children\"><a href=\"https:\/\/floresdoaterro.com\/?page_id=4199\">Flores no Calend\u00e1rio<\/a>\n<ul class='children'>\n\t<li class=\"page_item page-item-6048\"><a href=\"https:\/\/floresdoaterro.com\/\">Panoramas mensais<\/a><\/li>\n<\/ul>\n<\/li>\n<li class=\"page_item page-item-28988\"><a href=\"https:\/\/floresdoaterro.com\/?page_id=28988\">Nem tudo s\u00e3o flores<\/a><\/li>\n<li class=\"page_item page-item-231 page_item_has_children\"><a href=\"https:\/\/floresdoaterro.com\/?page_id=231\">Flores do Cerrado<\/a>\n<ul class='children'>\n\t<li class=\"page_item page-item-865\"><a href=\"https:\/\/floresdoaterro.com\/?page_id=865\">Clima de Bras\u00edlia<\/a><\/li>\n\t<li class=\"page_item page-item-81\"><a href=\"https:\/\/floresdoaterro.com\/?page_id=81\">Flores de Agosto em Bras\u00edlia<\/a><\/li>\n\t<li class=\"page_item page-item-624\"><a href=\"https:\/\/floresdoaterro.com\/?page_id=624\">Flores de Outubro em Bras\u00edlia<\/a><\/li>\n\t<li class=\"page_item page-item-22118\"><a href=\"https:\/\/floresdoaterro.com\/?page_id=22118\">Flores de Setembro em Bras\u00edlia<\/a><\/li>\n<\/ul>\n<\/li>\n\t\t\t<\/ul>\n\n\t\t\t<\/aside>\t\t\t\t<\/div>\n\t\t\t\t<\/div>\n\t\t\t\t\t<\/div>\n\t\t<\/div>\n\t\t\t\t\t<\/div>\n\t\t<\/section>\n\t\t\t\t<\/div>\n\t\t","protected":false},"excerpt":{"rendered":"<p>Primeiro Editorial:\u00a0 Falar de Flores Carlos Feu\u00a0 \u00a0 \u00a0 \u00a0 Em 1968, a can\u00e7\u00e3o de Vandr\u00e9 denominada &#8220;Pra n\u00e3o dizer que n\u00e3o falei de Flores&#8221; foi enorme sucesso junto ao p\u00fablico no Festival Internacional da Can\u00e7\u00e3o. Era uma can\u00e7\u00e3o provocativa<\/p>\n","protected":false},"author":1,"featured_media":0,"parent":0,"menu_order":0,"comment_status":"open","ping_status":"closed","template":"","meta":{"footnotes":""},"class_list":["post-36","page","type-page","status-publish","hentry"],"_links":{"self":[{"href":"https:\/\/floresdoaterro.com\/index.php?rest_route=\/wp\/v2\/pages\/36","targetHints":{"allow":["GET"]}}],"collection":[{"href":"https:\/\/floresdoaterro.com\/index.php?rest_route=\/wp\/v2\/pages"}],"about":[{"href":"https:\/\/floresdoaterro.com\/index.php?rest_route=\/wp\/v2\/types\/page"}],"author":[{"embeddable":true,"href":"https:\/\/floresdoaterro.com\/index.php?rest_route=\/wp\/v2\/users\/1"}],"replies":[{"embeddable":true,"href":"https:\/\/floresdoaterro.com\/index.php?rest_route=%2Fwp%2Fv2%2Fcomments&post=36"}],"version-history":[{"count":78,"href":"https:\/\/floresdoaterro.com\/index.php?rest_route=\/wp\/v2\/pages\/36\/revisions"}],"predecessor-version":[{"id":39222,"href":"https:\/\/floresdoaterro.com\/index.php?rest_route=\/wp\/v2\/pages\/36\/revisions\/39222"}],"wp:attachment":[{"href":"https:\/\/floresdoaterro.com\/index.php?rest_route=%2Fwp%2Fv2%2Fmedia&parent=36"}],"curies":[{"name":"wp","href":"https:\/\/api.w.org\/{rel}","templated":true}]}}