{"id":28988,"date":"2022-02-06T23:40:53","date_gmt":"2022-02-07T02:40:53","guid":{"rendered":"http:\/\/floresdoaterrodoflamengo.com.br\/?page_id=28988"},"modified":"2022-05-09T17:00:30","modified_gmt":"2022-05-09T20:00:30","slug":"nem-tudo-sao-flores","status":"publish","type":"page","link":"https:\/\/floresdoaterro.com\/?page_id=28988","title":{"rendered":"Nem tudo s\u00e3o flores"},"content":{"rendered":"\t\t<div data-elementor-type=\"wp-page\" data-elementor-id=\"28988\" class=\"elementor elementor-28988\">\n\t\t\t\t\t\t<section class=\"elementor-section elementor-top-section elementor-element elementor-element-c5a9723 elementor-section-boxed elementor-section-height-default elementor-section-height-default\" data-id=\"c5a9723\" data-element_type=\"section\" data-e-type=\"section\">\n\t\t\t\t\t\t<div class=\"elementor-container elementor-column-gap-default\">\n\t\t\t\t\t<div class=\"elementor-column elementor-col-100 elementor-top-column elementor-element elementor-element-c211f45\" data-id=\"c211f45\" data-element_type=\"column\" data-e-type=\"column\">\n\t\t\t<div class=\"elementor-widget-wrap elementor-element-populated\">\n\t\t\t\t\t\t<div class=\"elementor-element elementor-element-bbdddd6 elementor-widget elementor-widget-text-editor\" data-id=\"bbdddd6\" data-element_type=\"widget\" data-e-type=\"widget\" data-widget_type=\"text-editor.default\">\n\t\t\t\t<div class=\"elementor-widget-container\">\n\t\t\t\t\t\t\t\t\t<h3><strong>Quem busca flores na Natureza, v\u00ea muito mais<\/strong>\u00a0<\/h3><p>As flores s\u00e3o, da natureza, o maior chamariz, a capa de revista que nos atrai e seduz.<\/p><p>Da observa\u00e7\u00e3o das flores, passamos pelas plantas que as abrigam, pelos frutos, a sazonalidade,\u00a0 \u00a0o clima, os insetos, os mecanismos de reprodu\u00e7\u00e3o e pelos animais que desfrutam de seu ambiente.\u00a0<\/p><p>Tamb\u00e9m realimentamos, nesse contato com a Natureza, inquietudes maiores de como se coordenam os processos naturais, de como se adaptam os seres \u00e0s mudan\u00e7as de ambientes, pela energia que move esses processos dos quais somos inteiramente dependentes para, enfim, nos perguntarmos sobre o conceito de divindade que nossos antepassados encontraram na\u00a0 Natureza e que n\u00f3s ainda continuamos a buscar.<\/p><p>Em nossas andan\u00e7as pelo cerrado ou no Aterro do Flamengo, nosso equipamento fotogr\u00e1fico tem sido o contido nos celulares. Se eles s\u00e3o bastante razo\u00e1veis para captar as belezas da vegeta\u00e7\u00e3o eles s\u00e3o bem mais prec\u00e1rios para captar aves e animais terrestres.<\/p><p>Pretendendo falar de flores, \u00e9 dif\u00edcil, no entanto, desperdi\u00e7ar alguns encontros sem registr\u00e1-los, ainda que precariamente.\u00a0<\/p><p>Assim como as flores no reino vegetal as aves e as borboletas, s\u00e3o as que mais nos cativam no reino animal.<\/p><p>Come\u00e7amos com as aves e e agora destacamos as borboletas. Sem diversificar muito, mantendo as flores como objetivo, trataremos de mostrar o que vamos encontrando em nosso caminho.<\/p><p style=\"text-align: right;\">Carlos Feu\u00a0<\/p><p style=\"text-align: right;\">\u00a0<\/p>\t\t\t\t\t\t\t\t<\/div>\n\t\t\t\t<\/div>\n\t\t\t\t\t<\/div>\n\t\t<\/div>\n\t\t\t\t\t<\/div>\n\t\t<\/section>\n\t\t\t\t<section class=\"elementor-section elementor-top-section elementor-element elementor-element-59f39e0 elementor-section-boxed elementor-section-height-default elementor-section-height-default\" data-id=\"59f39e0\" data-element_type=\"section\" data-e-type=\"section\">\n\t\t\t\t\t\t<div class=\"elementor-container elementor-column-gap-default\">\n\t\t\t\t\t<div class=\"elementor-column elementor-col-100 elementor-top-column elementor-element elementor-element-46f2733\" data-id=\"46f2733\" data-element_type=\"column\" data-e-type=\"column\">\n\t\t\t<div class=\"elementor-widget-wrap elementor-element-populated\">\n\t\t\t\t\t\t<div class=\"elementor-element elementor-element-91c5956 elementor-widget elementor-widget-text-editor\" data-id=\"91c5956\" data-element_type=\"widget\" data-e-type=\"widget\" data-widget_type=\"text-editor.default\">\n\t\t\t\t<div class=\"elementor-widget-container\">\n\t\t\t\t\t\t\t\t\t<h3>As borboletas<\/h3><p>Quem procura flores na natureza encontra, quase como consequ\u00eancia natural, as borboletas.<\/p><p>Parece que elas s\u00e3o mais esplendorosas na natureza mais bruta como a encontrada nas reservas do cerrado. Ou ser\u00e1 que, simplesmente, deixamos de reparar nelas?<\/p><p>Dione vanilae, Adelpha cytherea, Junonia coenia, Junonia Genoveva, Mechanitis e Anartia jatrophae s\u00e3o nomes que, mais que esclarecer sobre elas, apenas acentuam o mist\u00e9rio da Natureza. Natureza que nos surpreende com a metamorfose que transforma a lagarta, para alguns repugnante, nesses maravilhosos entes que s\u00e3o as borboletas.<\/p>\t\t\t\t\t\t\t\t<\/div>\n\t\t\t\t<\/div>\n\t\t\t\t\t<\/div>\n\t\t<\/div>\n\t\t\t\t\t<\/div>\n\t\t<\/section>\n\t\t\t\t<section class=\"elementor-section elementor-top-section elementor-element elementor-element-7874a3d elementor-section-boxed elementor-section-height-default elementor-section-height-default\" data-id=\"7874a3d\" data-element_type=\"section\" data-e-type=\"section\">\n\t\t\t\t\t\t<div class=\"elementor-container elementor-column-gap-default\">\n\t\t\t\t\t<div class=\"elementor-column elementor-col-100 elementor-top-column elementor-element elementor-element-4e294a1\" data-id=\"4e294a1\" data-element_type=\"column\" data-e-type=\"column\">\n\t\t\t<div class=\"elementor-widget-wrap elementor-element-populated\">\n\t\t\t\t\t\t<div class=\"elementor-element elementor-element-f76c29d elementor-widget elementor-widget-video\" data-id=\"f76c29d\" data-element_type=\"widget\" data-e-type=\"widget\" data-settings=\"{&quot;youtube_url&quot;:&quot;https:\\\/\\\/youtu.be\\\/YsNOVme8OEI&quot;,&quot;video_type&quot;:&quot;youtube&quot;,&quot;controls&quot;:&quot;yes&quot;}\" data-widget_type=\"video.default\">\n\t\t\t\t<div class=\"elementor-widget-container\">\n\t\t\t\t\t\t\t<div class=\"elementor-wrapper elementor-open-inline\">\n\t\t\t<div class=\"elementor-video\"><\/div>\t\t<\/div>\n\t\t\t\t\t\t<\/div>\n\t\t\t\t<\/div>\n\t\t\t\t\t<\/div>\n\t\t<\/div>\n\t\t\t\t\t<\/div>\n\t\t<\/section>\n\t\t\t\t<section class=\"elementor-section elementor-top-section elementor-element elementor-element-9154618 elementor-section-boxed elementor-section-height-default elementor-section-height-default\" data-id=\"9154618\" data-element_type=\"section\" data-e-type=\"section\">\n\t\t\t\t\t\t<div class=\"elementor-container elementor-column-gap-default\">\n\t\t\t\t\t<div class=\"elementor-column elementor-col-100 elementor-top-column elementor-element elementor-element-1a4a891\" data-id=\"1a4a891\" data-element_type=\"column\" data-e-type=\"column\">\n\t\t\t<div class=\"elementor-widget-wrap elementor-element-populated\">\n\t\t\t\t\t\t<div class=\"elementor-element elementor-element-342bde4 elementor-widget elementor-widget-text-editor\" data-id=\"342bde4\" data-element_type=\"widget\" data-e-type=\"widget\" data-widget_type=\"text-editor.default\">\n\t\t\t\t<div class=\"elementor-widget-container\">\n\t\t\t\t\t\t\t\t\t<h3>As Aves<\/h3><p>Entre as aves, coube ao tucano nosso primeiro encontro registrado:<\/p><p>H\u00e1 apenas algumas centenas de metros de casa, percebi, no alto das \u00e1rvores, um casal de tucanos, dos grandes.<\/p><p>Dentro da precariedade de meu equipamento tratei de registrar a cena. Um deles, suponho que a f\u00eamea, mais arisco, se escondia na vegeta\u00e7\u00e3o. O outro se colocou bem no alto das \u00e1rvores com a t\u00edpica emp\u00e1fia dos machos.<\/p><p>Como era de se esperar, a resolu\u00e7\u00e3o era prec\u00e1ria e a grande dist\u00e2ncia ampliava a oscila\u00e7\u00e3o de minha m\u00e3o. Os observadores de p\u00e1ssaros t\u00eam equipamentos que estabilizam a imagem com uma \u00f3tica poderosa que possibilitam uma boa resolu\u00e7\u00e3o.\u00a0<\/p><p>Quis, no entanto, compartir minha experi\u00eancia que pode estimular outros a desfrutar dessa alegria. Ademais, descobri que alguns programas de computador, fazem, a posteriori, a estabiliza\u00e7\u00e3o de nossa imagem oscilante.<\/p><p>N\u00e3o acreditem que experi\u00eancias como estas n\u00e3o estejam ao alcance de outros. Eu mesmo j\u00e1 vi, no aterro do Flamengo, um tucano. Li que eles est\u00e3o presentes em praticamente todo o Brasil.<\/p><p>S\u00f3 v\u00ea quem olha.<\/p><p style=\"text-align: right;\"><em>Carlos Feu<\/em><\/p>\t\t\t\t\t\t\t\t<\/div>\n\t\t\t\t<\/div>\n\t\t\t\t\t<\/div>\n\t\t<\/div>\n\t\t\t\t\t<\/div>\n\t\t<\/section>\n\t\t\t\t<section class=\"elementor-section elementor-top-section elementor-element elementor-element-1ef869d elementor-section-boxed elementor-section-height-default elementor-section-height-default\" data-id=\"1ef869d\" data-element_type=\"section\" data-e-type=\"section\">\n\t\t\t\t\t\t<div class=\"elementor-container elementor-column-gap-default\">\n\t\t\t\t\t<div class=\"elementor-column elementor-col-100 elementor-top-column elementor-element elementor-element-ebb9d9b\" data-id=\"ebb9d9b\" data-element_type=\"column\" data-e-type=\"column\">\n\t\t\t<div class=\"elementor-widget-wrap elementor-element-populated\">\n\t\t\t\t\t\t<div class=\"elementor-element elementor-element-9f0b0cf elementor-widget elementor-widget-video\" data-id=\"9f0b0cf\" data-element_type=\"widget\" data-e-type=\"widget\" data-settings=\"{&quot;youtube_url&quot;:&quot;https:\\\/\\\/www.youtube.com\\\/watch?v=rPbh6R7D3X0&quot;,&quot;video_type&quot;:&quot;youtube&quot;,&quot;controls&quot;:&quot;yes&quot;}\" data-widget_type=\"video.default\">\n\t\t\t\t<div class=\"elementor-widget-container\">\n\t\t\t\t\t\t\t<div class=\"elementor-wrapper elementor-open-inline\">\n\t\t\t<div class=\"elementor-video\"><\/div>\t\t<\/div>\n\t\t\t\t\t\t<\/div>\n\t\t\t\t<\/div>\n\t\t\t\t\t<\/div>\n\t\t<\/div>\n\t\t\t\t\t<\/div>\n\t\t<\/section>\n\t\t\t\t<section class=\"elementor-section elementor-top-section elementor-element elementor-element-062d7ae elementor-section-boxed elementor-section-height-default elementor-section-height-default\" data-id=\"062d7ae\" data-element_type=\"section\" data-e-type=\"section\">\n\t\t\t\t\t\t<div class=\"elementor-container elementor-column-gap-default\">\n\t\t\t\t\t<div class=\"elementor-column elementor-col-100 elementor-top-column elementor-element elementor-element-da2f589\" data-id=\"da2f589\" data-element_type=\"column\" data-e-type=\"column\">\n\t\t\t<div class=\"elementor-widget-wrap elementor-element-populated\">\n\t\t\t\t\t\t<div class=\"elementor-element elementor-element-9d8cacc elementor-widget elementor-widget-text-editor\" data-id=\"9d8cacc\" data-element_type=\"widget\" data-e-type=\"widget\" data-widget_type=\"text-editor.default\">\n\t\t\t\t<div class=\"elementor-widget-container\">\n\t\t\t\t\t\t\t\t\t<h4>Mais quatro aves nos nossos caminhos.<\/h4><p>Como j\u00e1 explicamos nosso equipamento de fotografia \u00e9 basicamente um celular. No entanto, em algumas circunst\u00e2ncias \u00e9 quase imposs\u00edvel deixar passar alguns animais que encontramos pelos caminhos.<\/p><p>Na sequ\u00eancia est\u00e3o um breve contato com o que julgamos ser um falc\u00e3o de coleira em Bras\u00edlia (Lago Sul), com um Carcar\u00e1 do Norte em Alagoas, em S\u00e3o Miguel dos Milagres. O carcar\u00e1 estava muito \u00e0 vontade e pudemos acompanh\u00e1-lo h\u00e1 uns 10 metros por um mais de dez minutos. Mas o que mais nos surpreendeu foi encontrar, em um casal onde est\u00e1 uma parquinho para crian\u00e7as com arredores bem arborizados, um casal de p\u00e1ssaros de\u00a0 Curicacas sobre os quais nunca hav\u00edamos ouvido falar. O local, pouco movimentado, nos possibilitou tamb\u00e9m acompanh\u00e1-los por alguns minutos. Enfim mostramos, um popular jo\u00e3o-de-barro que \u00e9 muito d\u00f3cil. Perto de casa, em um poste de luz, esses p\u00e1ssaros instalaram um apartamento de dois andares.<\/p>\t\t\t\t\t\t\t\t<\/div>\n\t\t\t\t<\/div>\n\t\t\t\t\t<\/div>\n\t\t<\/div>\n\t\t\t\t\t<\/div>\n\t\t<\/section>\n\t\t\t\t<section class=\"elementor-section elementor-top-section elementor-element elementor-element-c7b5289 elementor-section-boxed elementor-section-height-default elementor-section-height-default\" data-id=\"c7b5289\" data-element_type=\"section\" data-e-type=\"section\">\n\t\t\t\t\t\t<div class=\"elementor-container elementor-column-gap-default\">\n\t\t\t\t\t<div class=\"elementor-column elementor-col-100 elementor-top-column elementor-element elementor-element-421bc6a\" data-id=\"421bc6a\" data-element_type=\"column\" data-e-type=\"column\">\n\t\t\t<div class=\"elementor-widget-wrap elementor-element-populated\">\n\t\t\t\t\t\t<div class=\"elementor-element elementor-element-368652b elementor-widget elementor-widget-video\" data-id=\"368652b\" data-element_type=\"widget\" data-e-type=\"widget\" data-settings=\"{&quot;youtube_url&quot;:&quot;https:\\\/\\\/youtu.be\\\/DmwLSPq96ew&quot;,&quot;video_type&quot;:&quot;youtube&quot;,&quot;controls&quot;:&quot;yes&quot;}\" data-widget_type=\"video.default\">\n\t\t\t\t<div class=\"elementor-widget-container\">\n\t\t\t\t\t\t\t<div class=\"elementor-wrapper elementor-open-inline\">\n\t\t\t<div class=\"elementor-video\"><\/div>\t\t<\/div>\n\t\t\t\t\t\t<\/div>\n\t\t\t\t<\/div>\n\t\t\t\t\t<\/div>\n\t\t<\/div>\n\t\t\t\t\t<\/div>\n\t\t<\/section>\n\t\t\t\t<\/div>\n\t\t","protected":false},"excerpt":{"rendered":"<p>Quem busca flores na Natureza, v\u00ea muito mais\u00a0 As flores s\u00e3o, da natureza, o maior chamariz, a capa de revista que nos atrai e seduz. Da observa\u00e7\u00e3o das flores, passamos pelas plantas que as abrigam, pelos frutos, a sazonalidade,\u00a0 \u00a0o<\/p>\n","protected":false},"author":1,"featured_media":0,"parent":0,"menu_order":0,"comment_status":"closed","ping_status":"closed","template":"","meta":{"footnotes":""},"class_list":["post-28988","page","type-page","status-publish","hentry"],"_links":{"self":[{"href":"https:\/\/floresdoaterro.com\/index.php?rest_route=\/wp\/v2\/pages\/28988","targetHints":{"allow":["GET"]}}],"collection":[{"href":"https:\/\/floresdoaterro.com\/index.php?rest_route=\/wp\/v2\/pages"}],"about":[{"href":"https:\/\/floresdoaterro.com\/index.php?rest_route=\/wp\/v2\/types\/page"}],"author":[{"embeddable":true,"href":"https:\/\/floresdoaterro.com\/index.php?rest_route=\/wp\/v2\/users\/1"}],"replies":[{"embeddable":true,"href":"https:\/\/floresdoaterro.com\/index.php?rest_route=%2Fwp%2Fv2%2Fcomments&post=28988"}],"version-history":[{"count":49,"href":"https:\/\/floresdoaterro.com\/index.php?rest_route=\/wp\/v2\/pages\/28988\/revisions"}],"predecessor-version":[{"id":44685,"href":"https:\/\/floresdoaterro.com\/index.php?rest_route=\/wp\/v2\/pages\/28988\/revisions\/44685"}],"wp:attachment":[{"href":"https:\/\/floresdoaterro.com\/index.php?rest_route=%2Fwp%2Fv2%2Fmedia&parent=28988"}],"curies":[{"name":"wp","href":"https:\/\/api.w.org\/{rel}","templated":true}]}}